{"id":155,"date":"2019-01-09T07:57:37","date_gmt":"2019-01-09T07:57:37","guid":{"rendered":"https:\/\/evolvinghome.biz\/index.php\/about\/"},"modified":"2025-11-17T06:48:26","modified_gmt":"2025-11-17T13:48:26","slug":"about","status":"publish","type":"page","link":"https:\/\/evolvinghome.biz\/es\/about\/","title":{"rendered":"About"},"content":{"rendered":"\t\t<div data-elementor-type=\"wp-post\" data-elementor-id=\"155\" class=\"elementor elementor-155\" data-elementor-settings=\"{&quot;ha_cmc_init_switcher&quot;:&quot;no&quot;}\" data-elementor-post-type=\"page\">\n\t\t\t\t\t\t<section class=\"elementor-section elementor-top-section elementor-element elementor-element-72dc777 elementor-reverse-tablet elementor-reverse-mobile elementor-section-boxed elementor-section-height-default elementor-section-height-default\" data-id=\"72dc777\" data-element_type=\"section\" data-settings=\"{&quot;_ha_eqh_enable&quot;:false}\">\n\t\t\t\t\t\t<div class=\"elementor-container elementor-column-gap-no\">\n\t\t\t\t\t<div class=\"aux-parallax-section elementor-column elementor-col-50 elementor-top-column elementor-element elementor-element-420852e\" data-id=\"420852e\" data-element_type=\"column\">\n\t\t\t<div class=\"elementor-widget-wrap elementor-element-populated\">\n\t\t\t\t\t\t<div class=\"elementor-element elementor-element-e56b624 aux-appear-watch-animation aux-fade-in-up elementor-widget elementor-widget-aux_modern_heading\" data-id=\"e56b624\" data-element_type=\"widget\" data-widget_type=\"aux_modern_heading.default\">\n\t\t\t\t<div class=\"elementor-widget-container\">\n\t\t\t<section class=\"aux-widget-modern-heading\">\n            <div class=\"aux-widget-inner\"><div class=\"aux-modern-heading-divider\"><\/div><h6 class=\"aux-modern-heading-primary\">Evolving Home Company<\/h6><h6 class=\"aux-modern-heading-secondary\"><span class=\"aux-head-before\">Hogares innovadores con materiales de alta calidad<\/span><\/h6><div class=\"aux-modern-heading-description\"><div id=\"model-response-message-contentr_7df04eb51347aa99\" class=\"markdown markdown-main-panel stronger enable-updated-hr-color\" dir=\"ltr\"><p>Somos una empresa que acerca <b>alternativas sostenibles para la transformaci\u00f3n eficiente de viviendas<\/b>, logrando la reducci\u00f3n de costos en los servicios del hogar, junto con el mejoramiento de las condiciones de vida y econom\u00eda de las familias que pertenecen a nuestro programa. Como resultado, The Evolving House se ha consolidado como una empresa l\u00edder en su sector.<\/p><\/div><\/div><\/div>\n        <\/section>\t\t<\/div>\n\t\t\t\t<\/div>\n\t\t\t\t<div class=\"elementor-element elementor-element-2ece511 aux-appear-watch-animation aux-fade-in-up elementor-widget elementor-widget-text-editor\" data-id=\"2ece511\" data-element_type=\"widget\" data-widget_type=\"text-editor.default\">\n\t\t\t\t<div class=\"elementor-widget-container\">\n\t\t\t\t\t\t\t<p>Aportamos soluciones innovadoras a los hogares de nuestros clientes, promovemos la concienciaci\u00f3n medioambiental y contribuimos a un futuro m\u00e1s sostenible para todos. Evolving busca ser l\u00edder en su campo, proporcionando los m\u00e1s altos niveles de servicio al cliente y calidad en todos sus proyectos.<\/p>\t\t\t\t\t\t<\/div>\n\t\t\t\t<\/div>\n\t\t\t\t\t<\/div>\n\t\t<\/div>\n\t\t\t\t<div class=\"aux-parallax-section elementor-column elementor-col-25 elementor-top-column elementor-element elementor-element-126a4d5\" data-id=\"126a4d5\" data-element_type=\"column\">\n\t\t\t<div class=\"elementor-widget-wrap elementor-element-populated\">\n\t\t\t\t\t\t<div class=\"aux-scroll-anim elementor-element elementor-element-9d9fd6b aux-appear-watch-animation aux-mask-from-top elementor-widget elementor-widget-aux_image\" data-move-in=\"\" data-move-out=\"moveVertical\" data-axis-x=\"200\" data-axis-y=\"40\" data-rotate=\"90\" data-scale=\"1\" data-vp-top=\"0.5\" data-vp-bot=\"0.5\" data-el-top=\"0.2\" data-scroll-animation-off=\"1024\" data-id=\"9d9fd6b\" data-element_type=\"widget\" data-widget_type=\"aux_image.default\">\n\t\t\t\t<div class=\"elementor-widget-container\">\n\t\t\t<section class=\"widget-container aux-widget-image aux-alignnone aux-parent-auee65154a\">\n    <div class=\"aux-media-hint-frame \">\n        <div class=\"aux-media-image \" >\n        \n            \n\n            \n            <img fetchpriority=\"high\" decoding=\"async\" width=\"1500\" height=\"1000\" src=\"image\/gif;base64,R0lGODlhAQABAIAAAAAAAP\/\/\/yH5BAEAAAAALAAAAAABAAEAAAIBRAA7\" class=\"aux-attachment aux-featured-image aux-attachment-id-1620 aux-preload aux-blank\" alt=\"joven-pareja-feliz-consultando-gerente-banco-reunion-oficina-min\" data-ratio=\"1.5\" data-original-w=\"1500\" data-src=\"https:\/\/evolvinghome.biz\/wp-content\/uploads\/2023\/07\/joven-pareja-feliz-consultando-gerente-banco-reunion-oficina-min-1.jpg\" \/>            \n                <\/div>\n    <\/div>\n\n<\/section><!-- widget-container -->\t\t<\/div>\n\t\t\t\t<\/div>\n\t\t\t\t<div class=\"aux-scroll-anim elementor-element elementor-element-ef31a7d aux-appear-watch-animation aux-mask-from-top elementor-widget elementor-widget-aux_image\" data-move-in=\"\" data-move-out=\"moveVertical\" data-axis-x=\"200\" data-axis-y=\"40\" data-rotate=\"90\" data-scale=\"1\" data-vp-top=\"0.5\" data-vp-bot=\"0.5\" data-el-top=\"0.2\" data-scroll-animation-off=\"1024\" data-id=\"ef31a7d\" data-element_type=\"widget\" data-widget_type=\"aux_image.default\">\n\t\t\t\t<div class=\"elementor-widget-container\">\n\t\t\t<section class=\"widget-container aux-widget-image aux-alignnone aux-parent-au0619fb6b\">\n    <div class=\"aux-media-hint-frame \">\n        <div class=\"aux-media-image \" >\n        \n            \n\n            \n            <img decoding=\"async\" width=\"793\" height=\"529\" src=\"image\/gif;base64,R0lGODlhAQABAIAAAAAAAP\/\/\/yH5BAEAAAAALAAAAAABAAEAAAIBRAA7\" class=\"aux-attachment aux-featured-image aux-attachment-id-344 aux-preload aux-blank\" alt=\"20230516003912_[fpdl.in]_dos-hombres-negocios-sonrientes-que-sacuden-manos-mientras-que-sienta-escritorio-oficina_109710-1821_medium\" data-ratio=\"1.5\" data-original-w=\"793\" data-src=\"https:\/\/evolvinghome.biz\/wp-content\/uploads\/2023\/05\/20230516003912_fpdl.in_dos-hombres-negocios-sonrientes-que-sacuden-manos-mientras-que-sienta-escritorio-oficina_109710-1821_medium.jpg\" \/>            \n                <\/div>\n    <\/div>\n\n<\/section><!-- widget-container -->\t\t<\/div>\n\t\t\t\t<\/div>\n\t\t\t\t\t<\/div>\n\t\t<\/div>\n\t\t\t\t<div class=\"aux-parallax-section elementor-column elementor-col-25 elementor-top-column elementor-element elementor-element-f38f3eb\" data-id=\"f38f3eb\" data-element_type=\"column\">\n\t\t\t<div class=\"elementor-widget-wrap elementor-element-populated\">\n\t\t\t\t\t\t<div class=\"aux-scroll-anim elementor-element elementor-element-b95d427 aux-appear-watch-animation aux-mask-from-top elementor-widget elementor-widget-aux_image\" data-move-in=\"\" data-move-out=\"moveVertical\" data-axis-x=\"200\" data-axis-y=\"40\" data-rotate=\"90\" data-scale=\"1\" data-vp-top=\"0.5\" data-vp-bot=\"0.5\" data-el-top=\"0.2\" data-scroll-animation-off=\"1024\" data-id=\"b95d427\" data-element_type=\"widget\" data-widget_type=\"aux_image.default\">\n\t\t\t\t<div class=\"elementor-widget-container\">\n\t\t\t<section class=\"widget-container aux-widget-image aux-alignnone aux-parent-auec31a6ad\">\n    <div class=\"aux-media-hint-frame \">\n        <div class=\"aux-media-image \" >\n        \n            \n\n            \n            <img decoding=\"async\" width=\"300\" height=\"300\" src=\"image\/gif;base64,R0lGODlhAQABAIAAAAAAAP\/\/\/yH5BAEAAAAALAAAAAABAAEAAAIBRAA7\" class=\"aux-attachment aux-featured-image aux-attachment-id-2258 aux-preload aux-blank\" alt=\"IMG-20230721-WA0040-300x300\" data-ratio=\"1\" data-original-w=\"300\" data-src=\"https:\/\/evolvinghome.biz\/wp-content\/uploads\/2024\/06\/IMG-20230721-WA0040-300x300-1.jpg\" \/>            \n                <\/div>\n    <\/div>\n\n<\/section><!-- widget-container -->\t\t<\/div>\n\t\t\t\t<\/div>\n\t\t\t\t\t<\/div>\n\t\t<\/div>\n\t\t\t\t\t<\/div>\n\t\t<\/section>\n\t\t\t\t<section class=\"elementor-section elementor-top-section elementor-element elementor-element-5310b9f elementor-section-content-middle elementor-section-boxed elementor-section-height-default elementor-section-height-default\" data-id=\"5310b9f\" data-element_type=\"section\" data-settings=\"{&quot;background_background&quot;:&quot;classic&quot;,&quot;_ha_eqh_enable&quot;:false}\">\n\t\t\t\t\t\t\t<div class=\"elementor-background-overlay\"><\/div>\n\t\t\t\t\t\t\t<div class=\"elementor-container elementor-column-gap-no\">\n\t\t\t\t\t<div class=\"aux-parallax-section elementor-column elementor-col-100 elementor-top-column elementor-element elementor-element-1646871\" data-id=\"1646871\" data-element_type=\"column\">\n\t\t\t<div class=\"elementor-widget-wrap elementor-element-populated\">\n\t\t\t\t\t\t<div class=\"elementor-element elementor-element-3d968d9 aux-appear-watch-animation aux-fade-in-up elementor-widget elementor-widget-testimonial\" data-id=\"3d968d9\" data-element_type=\"widget\" data-widget_type=\"testimonial.default\">\n\t\t\t\t<div class=\"elementor-widget-container\">\n\t\t\t\t\t<div class=\"elementor-testimonial-wrapper\">\n\t\t\t\t\t\t\t<div class=\"elementor-testimonial-content\"><span>,,<\/span> <\/div>\n\t\t\t\n\t\t\t\t\t\t<div class=\"elementor-testimonial-meta\">\n\t\t\t\t<div class=\"elementor-testimonial-meta-inner\">\n\t\t\t\t\t\n\t\t\t\t\t\t\t\t\t\t<div class=\"elementor-testimonial-details\">\n\t\t\t\t\t\t\t\t\t\t\t\t\t\t<div class=\"elementor-testimonial-name\">Nuestra asesor\u00eda resulta clave al acercar <b>alternativas sostenibles para la transformaci\u00f3n eficiente de viviendas<\/b>, lo que genera pr\u00e1cticas respetuosas con el medio ambiente, junto con un impacto positivo y significativo en la econom\u00eda de las familias.\u201d<\/div>\n\t\t\t\t\t\t\t\t\t\t\t\t\t\t\t\t\t\t\t<\/div>\n\t\t\t\t\t\t\t\t\t<\/div>\n\t\t\t<\/div>\n\t\t\t\t\t<\/div>\n\t\t\t\t<\/div>\n\t\t\t\t<\/div>\n\t\t\t\t<div class=\"aux-parallax-piece elementor-element elementor-element-e39fc39 elementor-widget__width-auto elementor-widget elementor-widget-aux_image\" data-parallax-origin=\"middle\" data-parallax-depth=\"0.1\" data-parallax-off=\"1024\" data-id=\"e39fc39\" data-element_type=\"widget\" data-widget_type=\"aux_image.default\">\n\t\t\t\t<div class=\"elementor-widget-container\">\n\t\t\t<section class=\"widget-container aux-widget-image aux-alignnone aux-parent-aueeb8f96c\">\n    <div class=\"aux-media-hint-frame \">\n        <div class=\"aux-media-image \" >\n        \n            \n\n            \n                        \n                <\/div>\n    <\/div>\n\n<\/section><!-- widget-container -->\t\t<\/div>\n\t\t\t\t<\/div>\n\t\t\t\t<div class=\"aux-parallax-piece elementor-element elementor-element-5e23ddd elementor-widget__width-auto elementor-widget elementor-widget-aux_image\" data-parallax-origin=\"middle\" data-parallax-depth=\"0.15\" data-parallax-off=\"1024\" data-id=\"5e23ddd\" data-element_type=\"widget\" data-widget_type=\"aux_image.default\">\n\t\t\t\t<div class=\"elementor-widget-container\">\n\t\t\t<section class=\"widget-container aux-widget-image aux-alignnone aux-parent-aue7e2107d\">\n    <div class=\"aux-media-hint-frame \">\n        <div class=\"aux-media-image \" >\n        \n            \n\n            \n                        \n                <\/div>\n    <\/div>\n\n<\/section><!-- widget-container -->\t\t<\/div>\n\t\t\t\t<\/div>\n\t\t\t\t\t<\/div>\n\t\t<\/div>\n\t\t\t\t\t<\/div>\n\t\t<\/section>\n\t\t\t\t<section class=\"elementor-section elementor-top-section elementor-element elementor-element-99b6101 elementor-section-boxed elementor-section-height-default elementor-section-height-default\" data-id=\"99b6101\" data-element_type=\"section\" data-settings=\"{&quot;_ha_eqh_enable&quot;:false}\">\n\t\t\t\t\t\t<div class=\"elementor-container elementor-column-gap-no\">\n\t\t\t\t\t<div class=\"aux-parallax-section elementor-column elementor-col-100 elementor-top-column elementor-element elementor-element-cf63b37\" data-id=\"cf63b37\" data-element_type=\"column\">\n\t\t\t<div class=\"elementor-widget-wrap elementor-element-populated\">\n\t\t\t\t\t\t<div class=\"elementor-element elementor-element-f0411e4 aux-appear-watch-animation aux-fade-in-right elementor-widget elementor-widget-aux_modern_heading\" data-id=\"f0411e4\" data-element_type=\"widget\" data-widget_type=\"aux_modern_heading.default\">\n\t\t\t\t<div class=\"elementor-widget-container\">\n\t\t\t<section class=\"aux-widget-modern-heading\">\n            <div class=\"aux-widget-inner\"><div class=\"aux-modern-heading-divider\"><\/div><h6 class=\"aux-modern-heading-primary\">Nuestros Clientes\n<\/h6><h6 class=\"aux-modern-heading-secondary\"><span class=\"aux-head-before\">La confianza con nuestros clientes es prioridad.<\/span><\/h6><div class=\"aux-modern-heading-description\"><p>Nuestro compromiso es alcanzar altos niveles de calidad con estrategias de innovaci\u00f3n y eficiencia. Evolving marca un camino hacia un futuro mejor para todos.<\/p><\/div><\/div>\n        <\/section>\t\t<\/div>\n\t\t\t\t<\/div>\n\t\t\t\t\t<\/div>\n\t\t<\/div>\n\t\t\t\t\t<\/div>\n\t\t<\/section>\n\t\t\t\t<\/div>\n\t\t","protected":false},"excerpt":{"rendered":"<p>Evolving Home Company Hogares innovadores con materiales de alta calidad Somos una empresa que acerca alternativas sostenibles para la transformaci\u00f3n eficiente de viviendas, logrando la reducci\u00f3n de costos en los servicios del hogar, junto con el mejoramiento de las condiciones de vida y econom\u00eda de las familias que pertenecen a nuestro programa. Como resultado, The [&hellip;]<\/p>\n","protected":false},"author":1,"featured_media":0,"parent":0,"menu_order":0,"comment_status":"closed","ping_status":"closed","template":"","meta":[],"yoast_head":"<!-- This site is optimized with the Yoast SEO plugin v21.7 - https:\/\/yoast.com\/wordpress\/plugins\/seo\/ -->\n<title>Sobre Nosotros - Programa de Ayudas | Mejora de Viviendas<\/title>\n<meta name=\"description\" content=\"Transforme su hogar con nuestro Programa. Ofrecemos alternativas sostenibles para la mejora eficiente de viviendas, salud y econom\u00eda familiar.\" \/>\n<meta name=\"robots\" content=\"index, follow, max-snippet:-1, max-image-preview:large, max-video-preview:-1\" \/>\n<link rel=\"canonical\" href=\"https:\/\/evolvinghome.biz\/es\/about\/\" \/>\n<meta property=\"og:locale\" content=\"es_ES\" \/>\n<meta property=\"og:type\" content=\"article\" \/>\n<meta property=\"og:title\" content=\"Sobre Nosotros - Programa de Ayudas | Mejora de Viviendas\" \/>\n<meta property=\"og:description\" content=\"Transforme su hogar con nuestro Programa. Ofrecemos alternativas sostenibles para la mejora eficiente de viviendas, salud y econom\u00eda familiar.\" \/>\n<meta property=\"og:url\" content=\"https:\/\/evolvinghome.biz\/es\/about\/\" \/>\n<meta property=\"og:site_name\" content=\"Evolving Home\" \/>\n<meta property=\"article:modified_time\" content=\"2025-11-17T13:48:26+00:00\" \/>\n<meta property=\"og:image\" content=\"https:\/\/evolvinghome.biz\/wp-content\/uploads\/2023\/05\/PNG-1.png\" \/>\n\t<meta property=\"og:image:width\" content=\"1184\" \/>\n\t<meta property=\"og:image:height\" content=\"752\" \/>\n\t<meta property=\"og:image:type\" content=\"image\/png\" \/>\n<meta name=\"twitter:card\" content=\"summary_large_image\" \/>\n<meta name=\"twitter:label1\" content=\"Tiempo de lectura\" \/>\n\t<meta name=\"twitter:data1\" content=\"2 minutos\" \/>\n<script type=\"application\/ld+json\" class=\"yoast-schema-graph\">{\"@context\":\"https:\/\/schema.org\",\"@graph\":[{\"@type\":\"WebPage\",\"@id\":\"https:\/\/evolvinghome.biz\/about\/\",\"url\":\"https:\/\/evolvinghome.biz\/about\/\",\"name\":\"Sobre Nosotros - Programa de Ayudas | Mejora de Viviendas\",\"isPartOf\":{\"@id\":\"https:\/\/evolvinghome.biz\/#website\"},\"datePublished\":\"2019-01-09T07:57:37+00:00\",\"dateModified\":\"2025-11-17T13:48:26+00:00\",\"description\":\"Transforme su hogar con nuestro Programa. Ofrecemos alternativas sostenibles para la mejora eficiente de viviendas, salud y econom\u00eda familiar.\",\"breadcrumb\":{\"@id\":\"https:\/\/evolvinghome.biz\/about\/#breadcrumb\"},\"inLanguage\":\"es\",\"potentialAction\":[{\"@type\":\"ReadAction\",\"target\":[\"https:\/\/evolvinghome.biz\/about\/\"]}]},{\"@type\":\"BreadcrumbList\",\"@id\":\"https:\/\/evolvinghome.biz\/about\/#breadcrumb\",\"itemListElement\":[{\"@type\":\"ListItem\",\"position\":1,\"name\":\"Portada\",\"item\":\"https:\/\/evolvinghome.biz\/\"},{\"@type\":\"ListItem\",\"position\":2,\"name\":\"About\"}]},{\"@type\":\"WebSite\",\"@id\":\"https:\/\/evolvinghome.biz\/#website\",\"url\":\"https:\/\/evolvinghome.biz\/\",\"name\":\"Evolving Home\",\"description\":\"Alternativas sostenibles para la eficiencia del hogar y el bienestar familiar.\",\"publisher\":{\"@id\":\"https:\/\/evolvinghome.biz\/#organization\"},\"alternateName\":\"Evolving House\",\"potentialAction\":[{\"@type\":\"SearchAction\",\"target\":{\"@type\":\"EntryPoint\",\"urlTemplate\":\"https:\/\/evolvinghome.biz\/?s={search_term_string}\"},\"query-input\":\"required name=search_term_string\"}],\"inLanguage\":\"es\"},{\"@type\":\"Organization\",\"@id\":\"https:\/\/evolvinghome.biz\/#organization\",\"name\":\"Evolving Home\",\"alternateName\":\"Evolving House\",\"url\":\"https:\/\/evolvinghome.biz\/\",\"logo\":{\"@type\":\"ImageObject\",\"inLanguage\":\"es\",\"@id\":\"https:\/\/evolvinghome.biz\/#\/schema\/logo\/image\/\",\"url\":\"https:\/\/evolvinghome.biz\/wp-content\/uploads\/2023\/05\/PNG-1.png\",\"contentUrl\":\"https:\/\/evolvinghome.biz\/wp-content\/uploads\/2023\/05\/PNG-1.png\",\"width\":1184,\"height\":752,\"caption\":\"Evolving Home\"},\"image\":{\"@id\":\"https:\/\/evolvinghome.biz\/#\/schema\/logo\/image\/\"}}]}<\/script>\n<!-- \/ Yoast SEO plugin. -->","yoast_head_json":{"title":"Sobre Nosotros - Programa de Ayudas | Mejora de Viviendas","description":"Transforme su hogar con nuestro Programa. Ofrecemos alternativas sostenibles para la mejora eficiente de viviendas, salud y econom\u00eda familiar.","robots":{"index":"index","follow":"follow","max-snippet":"max-snippet:-1","max-image-preview":"max-image-preview:large","max-video-preview":"max-video-preview:-1"},"canonical":"https:\/\/evolvinghome.biz\/es\/about\/","og_locale":"es_ES","og_type":"article","og_title":"Sobre Nosotros - Programa de Ayudas | Mejora de Viviendas","og_description":"Transforme su hogar con nuestro Programa. Ofrecemos alternativas sostenibles para la mejora eficiente de viviendas, salud y econom\u00eda familiar.","og_url":"https:\/\/evolvinghome.biz\/es\/about\/","og_site_name":"Evolving Home","article_modified_time":"2025-11-17T13:48:26+00:00","og_image":[{"width":1184,"height":752,"url":"https:\/\/evolvinghome.biz\/wp-content\/uploads\/2023\/05\/PNG-1.png","type":"image\/png"}],"twitter_card":"summary_large_image","twitter_misc":{"Tiempo de lectura":"2 minutos"},"schema":{"@context":"https:\/\/schema.org","@graph":[{"@type":"WebPage","@id":"https:\/\/evolvinghome.biz\/about\/","url":"https:\/\/evolvinghome.biz\/about\/","name":"Sobre Nosotros - Programa de Ayudas | Mejora de Viviendas","isPartOf":{"@id":"https:\/\/evolvinghome.biz\/#website"},"datePublished":"2019-01-09T07:57:37+00:00","dateModified":"2025-11-17T13:48:26+00:00","description":"Transforme su hogar con nuestro Programa. Ofrecemos alternativas sostenibles para la mejora eficiente de viviendas, salud y econom\u00eda familiar.","breadcrumb":{"@id":"https:\/\/evolvinghome.biz\/about\/#breadcrumb"},"inLanguage":"es","potentialAction":[{"@type":"ReadAction","target":["https:\/\/evolvinghome.biz\/about\/"]}]},{"@type":"BreadcrumbList","@id":"https:\/\/evolvinghome.biz\/about\/#breadcrumb","itemListElement":[{"@type":"ListItem","position":1,"name":"Portada","item":"https:\/\/evolvinghome.biz\/"},{"@type":"ListItem","position":2,"name":"About"}]},{"@type":"WebSite","@id":"https:\/\/evolvinghome.biz\/#website","url":"https:\/\/evolvinghome.biz\/","name":"Evolving Home","description":"Alternativas sostenibles para la eficiencia del hogar y el bienestar familiar.","publisher":{"@id":"https:\/\/evolvinghome.biz\/#organization"},"alternateName":"Evolving House","potentialAction":[{"@type":"SearchAction","target":{"@type":"EntryPoint","urlTemplate":"https:\/\/evolvinghome.biz\/?s={search_term_string}"},"query-input":"required name=search_term_string"}],"inLanguage":"es"},{"@type":"Organization","@id":"https:\/\/evolvinghome.biz\/#organization","name":"Evolving Home","alternateName":"Evolving House","url":"https:\/\/evolvinghome.biz\/","logo":{"@type":"ImageObject","inLanguage":"es","@id":"https:\/\/evolvinghome.biz\/#\/schema\/logo\/image\/","url":"https:\/\/evolvinghome.biz\/wp-content\/uploads\/2023\/05\/PNG-1.png","contentUrl":"https:\/\/evolvinghome.biz\/wp-content\/uploads\/2023\/05\/PNG-1.png","width":1184,"height":752,"caption":"Evolving Home"},"image":{"@id":"https:\/\/evolvinghome.biz\/#\/schema\/logo\/image\/"}}]}},"_links":{"self":[{"href":"https:\/\/evolvinghome.biz\/es\/wp-json\/wp\/v2\/pages\/155"}],"collection":[{"href":"https:\/\/evolvinghome.biz\/es\/wp-json\/wp\/v2\/pages"}],"about":[{"href":"https:\/\/evolvinghome.biz\/es\/wp-json\/wp\/v2\/types\/page"}],"author":[{"embeddable":true,"href":"https:\/\/evolvinghome.biz\/es\/wp-json\/wp\/v2\/users\/1"}],"replies":[{"embeddable":true,"href":"https:\/\/evolvinghome.biz\/es\/wp-json\/wp\/v2\/comments?post=155"}],"version-history":[{"count":29,"href":"https:\/\/evolvinghome.biz\/es\/wp-json\/wp\/v2\/pages\/155\/revisions"}],"predecessor-version":[{"id":3746,"href":"https:\/\/evolvinghome.biz\/es\/wp-json\/wp\/v2\/pages\/155\/revisions\/3746"}],"wp:attachment":[{"href":"https:\/\/evolvinghome.biz\/es\/wp-json\/wp\/v2\/media?parent=155"}],"curies":[{"name":"wp","href":"https:\/\/api.w.org\/{rel}","templated":true}]}}