{"id":152,"date":"2019-01-09T07:58:29","date_gmt":"2019-01-09T07:58:29","guid":{"rendered":"https:\/\/evolvinghome.biz\/index.php\/contact\/"},"modified":"2025-11-17T06:48:54","modified_gmt":"2025-11-17T13:48:54","slug":"contacto","status":"publish","type":"page","link":"https:\/\/evolvinghome.biz\/en\/contacto\/","title":{"rendered":"Contact"},"content":{"rendered":"<div data-elementor-type=\"wp-post\" data-elementor-id=\"152\" class=\"elementor elementor-152\" data-elementor-settings=\"{&quot;ha_cmc_init_switcher&quot;:&quot;no&quot;}\" data-elementor-post-type=\"page\">\n\t\t\t\t\t\t<section class=\"elementor-section elementor-top-section elementor-element elementor-element-c4f5b2f elementor-section-full_width elementor-reverse-tablet elementor-reverse-mobile elementor-section-height-default elementor-section-height-default\" data-id=\"c4f5b2f\" data-element_type=\"section\" data-settings=\"{&quot;_ha_eqh_enable&quot;:false}\">\n\t\t\t\t\t\t<div class=\"elementor-container elementor-column-gap-default\">\n\t\t\t\t\t<div class=\"aux-parallax-section elementor-column elementor-col-50 elementor-top-column elementor-element elementor-element-dad8a3a\" data-id=\"dad8a3a\" data-element_type=\"column\">\n\t\t\t<div class=\"elementor-widget-wrap elementor-element-populated\">\n\t\t\t\t\t\t<div class=\"elementor-element elementor-element-2ba8a29 elementor-widget elementor-widget-spacer\" data-id=\"2ba8a29\" data-element_type=\"widget\" data-widget_type=\"spacer.default\">\n\t\t\t\t<div class=\"elementor-widget-container\">\n\t\t\t\t\t<div class=\"elementor-spacer\">\n\t\t\t<div class=\"elementor-spacer-inner\"><\/div>\n\t\t<\/div>\n\t\t\t\t<\/div>\n\t\t\t\t<\/div>\n\t\t\t\t<section class=\"elementor-section elementor-inner-section elementor-element elementor-element-0eb2c28 elementor-section-boxed elementor-section-height-default elementor-section-height-default\" data-id=\"0eb2c28\" data-element_type=\"section\" data-settings=\"{&quot;_ha_eqh_enable&quot;:false}\">\n\t\t\t\t\t\t<div class=\"elementor-container elementor-column-gap-default\">\n\t\t\t\t\t<div class=\"aux-parallax-section elementor-column elementor-col-100 elementor-inner-column elementor-element elementor-element-4a7534a\" data-id=\"4a7534a\" data-element_type=\"column\">\n\t\t\t<div class=\"elementor-widget-wrap elementor-element-populated\">\n\t\t\t\t\t\t<div class=\"elementor-element elementor-element-3314dbc elementor-widget elementor-widget-aux_modern_heading\" data-id=\"3314dbc\" data-element_type=\"widget\" data-widget_type=\"aux_modern_heading.default\">\n\t\t\t\t<div class=\"elementor-widget-container\">\n\t\t\t<section class=\"aux-widget-modern-heading\">\n            <div class=\"aux-widget-inner\"><h6 class=\"aux-modern-heading-primary\">Phone:<\/h6><h3 class=\"aux-modern-heading-secondary\"><span class=\"aux-head-before\">(720) 650-7205<\/span><\/h3><\/div>\n        <\/section>\t\t<\/div>\n\t\t\t\t<\/div>\n\t\t\t\t<div class=\"elementor-element elementor-element-580ec72 elementor-widget elementor-widget-aux_modern_heading\" data-id=\"580ec72\" data-element_type=\"widget\" data-widget_type=\"aux_modern_heading.default\">\n\t\t\t\t<div class=\"elementor-widget-container\">\n\t\t\t<section class=\"aux-widget-modern-heading\">\n            <div class=\"aux-widget-inner\"><h6 class=\"aux-modern-heading-primary\">Email:\n\n<\/h6><h3 class=\"aux-modern-heading-secondary\"><span class=\"aux-head-before\">info@evolvinghome.biz<\/span><\/h3><\/div>\n        <\/section>\t\t<\/div>\n\t\t\t\t<\/div>\n\t\t\t\t\t<\/div>\n\t\t<\/div>\n\t\t\t\t\t<\/div>\n\t\t<\/section>\n\t\t\t\t<section class=\"elementor-section elementor-inner-section elementor-element elementor-element-28f0f65 elementor-section-boxed elementor-section-height-default elementor-section-height-default\" data-id=\"28f0f65\" data-element_type=\"section\" data-settings=\"{&quot;_ha_eqh_enable&quot;:false}\">\n\t\t\t\t\t\t<div class=\"elementor-container elementor-column-gap-default\">\n\t\t\t\t\t<div class=\"aux-parallax-section elementor-column elementor-col-100 elementor-inner-column elementor-element elementor-element-5736397\" data-id=\"5736397\" data-element_type=\"column\">\n\t\t\t<div class=\"elementor-widget-wrap elementor-element-populated\">\n\t\t\t\t\t\t<div class=\"elementor-element elementor-element-c9326ba elementor-widget elementor-widget-aux_modern_heading\" data-id=\"c9326ba\" data-element_type=\"widget\" data-widget_type=\"aux_modern_heading.default\">\n\t\t\t\t<div class=\"elementor-widget-container\">\n\t\t\t<section class=\"aux-widget-modern-heading\">\n            <div class=\"aux-widget-inner\"><h6 class=\"aux-modern-heading-primary\">Address:<\/h6><h3 class=\"aux-modern-heading-secondary\"><span class=\"aux-head-before\">6825 E Tennessee Ave, Denver, CO 80224, Suite 675.<\/span><\/h3><\/div>\n        <\/section>\t\t<\/div>\n\t\t\t\t<\/div>\n\t\t\t\t\t<\/div>\n\t\t<\/div>\n\t\t\t\t\t<\/div>\n\t\t<\/section>\n\t\t\t\t\t<\/div>\n\t\t<\/div>\n\t\t\t\t<div class=\"aux-parallax-section elementor-column elementor-col-50 elementor-top-column elementor-element elementor-element-640a6b7\" data-id=\"640a6b7\" data-element_type=\"column\">\n\t\t\t<div class=\"elementor-widget-wrap elementor-element-populated\">\n\t\t\t\t\t\t<div class=\"elementor-element elementor-element-a7c6078 aux-appear-watch-animation aux-fade-in-up elementor-widget elementor-widget-aux_modern_heading\" data-id=\"a7c6078\" data-element_type=\"widget\" data-widget_type=\"aux_modern_heading.default\">\n\t\t\t\t<div class=\"elementor-widget-container\">\n\t\t\t<section class=\"aux-widget-modern-heading\">\n            <div class=\"aux-widget-inner\"><div class=\"aux-modern-heading-divider\"><\/div><h2 class=\"aux-modern-heading-primary\">Contact<\/h2><h3 class=\"aux-modern-heading-secondary\"><span class=\"aux-head-before\">Contact Us<\/span><\/h3><div class=\"aux-modern-heading-description\"><p>If you are looking to explore options to optimize your home's efficiency and improve your well-being, we invite you to contact us. Our highly trained and professional team is available to provide you with detailed information on how our <b>sustainable alternatives for housing transformation<\/b> can benefit your home and lifestyle. We focus on providing an efficient implementation service and ensuring that our customers feel well informed and satisfied with the transformation.<\/p><p>Contact us for more information and take the first step toward a more sustainable home.<\/p><\/div><\/div>\n        <\/section>\t\t<\/div>\n\t\t\t\t<\/div>\n\t\t\t\t<div class=\"elementor-element elementor-element-abd19df elementor-widget elementor-widget-html\" data-id=\"abd19df\" data-element_type=\"widget\" data-widget_type=\"html.default\">\n\t\t\t\t<div class=\"elementor-widget-container\">\n\t\t\t<iframe\r\n  src=\"https:\/\/api.leadconnectorhq.com\/widget\/form\/KdcWeQFiHx250iScblg9\"\r\n  style=\"width:100%;height:100%;border:none;border-radius:3px\"\r\n  id=\"inline-KdcWeQFiHx250iScblg9\" \r\n  data-layout=\"{'id':'INLINE'}\"\r\n  data-trigger-type=\"alwaysShow\"\r\n  data-trigger-value=\"\"\r\n  data-activation-type=\"alwaysActivated\"\r\n  data-activation-value=\"\"\r\n  data-deactivation-type=\"neverDeactivate\"\r\n  data-deactivation-value=\"\"\r\n  data-form-name=\"Analisis de casa gratuita\"\r\n  data-height=\"599\"\r\n  data-layout-iframe-id=\"inline-KdcWeQFiHx250iScblg9\"\r\n  data-form-id=\"KdcWeQFiHx250iScblg9\"\r\n  title=\"Analisis de casa gratuita\"\r\n      >\r\n<\/iframe>\r\n<script src=\"https:\/\/link.msgsndr.com\/js\/form_embed.js\"><\/script>\t\t<\/div>\n\t\t\t\t<\/div>\n\t\t\t\t\t<\/div>\n\t\t<\/div>\n\t\t\t\t\t<\/div>\n\t\t<\/section>\n\t\t\t\t<\/div>","protected":false},"excerpt":{"rendered":"<p>N\u00famero: (720) 650-7205 Email: info@evolvinghome.biz Direcci\u00f3n: 6825 E Tennessee Ave, Denver, CO 80224, Suite 675. Contacto Cont\u00e1ctanos Si buscas explorar opciones para optimizar la eficiencia de tu hogar y mejorar tu bienestar, te invitamos a que nos contactes. Nuestro equipo, altamente capacitado y profesional, est\u00e1 disponible para brindarte informaci\u00f3n detallada sobre c\u00f3mo nuestras alternativas sostenibles [&hellip;]<\/p>","protected":false},"author":1,"featured_media":0,"parent":0,"menu_order":0,"comment_status":"closed","ping_status":"closed","template":"","meta":[],"yoast_head":"<!-- This site is optimized with the Yoast SEO plugin v21.7 - https:\/\/yoast.com\/wordpress\/plugins\/seo\/ -->\n<title>Contactanos | \u00a1Te asesoramos con todo!<\/title>\n<meta name=\"description\" content=\"Nosotros nos encargaremos de asesorarte para que puedas aplicar a la ayuda estatal y recibas los beneficios y reparaciones para tu hogar.\" \/>\n<meta name=\"robots\" content=\"index, follow, max-snippet:-1, max-image-preview:large, max-video-preview:-1\" \/>\n<link rel=\"canonical\" href=\"https:\/\/evolvinghome.biz\/en\/contacto\/\" \/>\n<meta property=\"og:locale\" content=\"en_US\" \/>\n<meta property=\"og:type\" content=\"article\" \/>\n<meta property=\"og:title\" content=\"Contactanos | \u00a1Te asesoramos con todo!\" \/>\n<meta property=\"og:description\" content=\"Nosotros nos encargaremos de asesorarte para que puedas aplicar a la ayuda estatal y recibas los beneficios y reparaciones para tu hogar.\" \/>\n<meta property=\"og:url\" content=\"https:\/\/evolvinghome.biz\/en\/contacto\/\" \/>\n<meta property=\"og:site_name\" content=\"Evolving Home\" \/>\n<meta property=\"article:modified_time\" content=\"2025-11-17T13:48:54+00:00\" \/>\n<meta property=\"og:image\" content=\"https:\/\/evolvinghome.biz\/wp-content\/uploads\/2023\/05\/PNG-1.png\" \/>\n\t<meta property=\"og:image:width\" content=\"1184\" \/>\n\t<meta property=\"og:image:height\" content=\"752\" \/>\n\t<meta property=\"og:image:type\" content=\"image\/png\" \/>\n<meta name=\"twitter:card\" content=\"summary_large_image\" \/>\n<meta name=\"twitter:label1\" content=\"Est. reading time\" \/>\n\t<meta name=\"twitter:data1\" content=\"1 minute\" \/>\n<script type=\"application\/ld+json\" class=\"yoast-schema-graph\">{\"@context\":\"https:\/\/schema.org\",\"@graph\":[{\"@type\":\"WebPage\",\"@id\":\"https:\/\/evolvinghome.biz\/contacto\/\",\"url\":\"https:\/\/evolvinghome.biz\/contacto\/\",\"name\":\"Contactanos | \u00a1Te asesoramos con todo!\",\"isPartOf\":{\"@id\":\"https:\/\/evolvinghome.biz\/#website\"},\"datePublished\":\"2019-01-09T07:58:29+00:00\",\"dateModified\":\"2025-11-17T13:48:54+00:00\",\"description\":\"Nosotros nos encargaremos de asesorarte para que puedas aplicar a la ayuda estatal y recibas los beneficios y reparaciones para tu hogar.\",\"breadcrumb\":{\"@id\":\"https:\/\/evolvinghome.biz\/contacto\/#breadcrumb\"},\"inLanguage\":\"en-US\",\"potentialAction\":[{\"@type\":\"ReadAction\",\"target\":[\"https:\/\/evolvinghome.biz\/contacto\/\"]}]},{\"@type\":\"BreadcrumbList\",\"@id\":\"https:\/\/evolvinghome.biz\/contacto\/#breadcrumb\",\"itemListElement\":[{\"@type\":\"ListItem\",\"position\":1,\"name\":\"Portada\",\"item\":\"https:\/\/evolvinghome.biz\/\"},{\"@type\":\"ListItem\",\"position\":2,\"name\":\"Contact\"}]},{\"@type\":\"WebSite\",\"@id\":\"https:\/\/evolvinghome.biz\/#website\",\"url\":\"https:\/\/evolvinghome.biz\/\",\"name\":\"Evolving Home\",\"description\":\"Alternativas sostenibles para la eficiencia del hogar y el bienestar familiar.\",\"publisher\":{\"@id\":\"https:\/\/evolvinghome.biz\/#organization\"},\"alternateName\":\"Evolving House\",\"potentialAction\":[{\"@type\":\"SearchAction\",\"target\":{\"@type\":\"EntryPoint\",\"urlTemplate\":\"https:\/\/evolvinghome.biz\/?s={search_term_string}\"},\"query-input\":\"required name=search_term_string\"}],\"inLanguage\":\"en-US\"},{\"@type\":\"Organization\",\"@id\":\"https:\/\/evolvinghome.biz\/#organization\",\"name\":\"Evolving Home\",\"alternateName\":\"Evolving House\",\"url\":\"https:\/\/evolvinghome.biz\/\",\"logo\":{\"@type\":\"ImageObject\",\"inLanguage\":\"en-US\",\"@id\":\"https:\/\/evolvinghome.biz\/#\/schema\/logo\/image\/\",\"url\":\"https:\/\/evolvinghome.biz\/wp-content\/uploads\/2023\/05\/PNG-1.png\",\"contentUrl\":\"https:\/\/evolvinghome.biz\/wp-content\/uploads\/2023\/05\/PNG-1.png\",\"width\":1184,\"height\":752,\"caption\":\"Evolving Home\"},\"image\":{\"@id\":\"https:\/\/evolvinghome.biz\/#\/schema\/logo\/image\/\"}}]}<\/script>\n<!-- \/ Yoast SEO plugin. -->","yoast_head_json":{"title":"Contactanos | \u00a1Te asesoramos con todo!","description":"Nosotros nos encargaremos de asesorarte para que puedas aplicar a la ayuda estatal y recibas los beneficios y reparaciones para tu hogar.","robots":{"index":"index","follow":"follow","max-snippet":"max-snippet:-1","max-image-preview":"max-image-preview:large","max-video-preview":"max-video-preview:-1"},"canonical":"https:\/\/evolvinghome.biz\/en\/contacto\/","og_locale":"en_US","og_type":"article","og_title":"Contactanos | \u00a1Te asesoramos con todo!","og_description":"Nosotros nos encargaremos de asesorarte para que puedas aplicar a la ayuda estatal y recibas los beneficios y reparaciones para tu hogar.","og_url":"https:\/\/evolvinghome.biz\/en\/contacto\/","og_site_name":"Evolving Home","article_modified_time":"2025-11-17T13:48:54+00:00","og_image":[{"width":1184,"height":752,"url":"https:\/\/evolvinghome.biz\/wp-content\/uploads\/2023\/05\/PNG-1.png","type":"image\/png"}],"twitter_card":"summary_large_image","twitter_misc":{"Est. reading time":"1 minute"},"schema":{"@context":"https:\/\/schema.org","@graph":[{"@type":"WebPage","@id":"https:\/\/evolvinghome.biz\/contacto\/","url":"https:\/\/evolvinghome.biz\/contacto\/","name":"Contactanos | \u00a1Te asesoramos con todo!","isPartOf":{"@id":"https:\/\/evolvinghome.biz\/#website"},"datePublished":"2019-01-09T07:58:29+00:00","dateModified":"2025-11-17T13:48:54+00:00","description":"Nosotros nos encargaremos de asesorarte para que puedas aplicar a la ayuda estatal y recibas los beneficios y reparaciones para tu hogar.","breadcrumb":{"@id":"https:\/\/evolvinghome.biz\/contacto\/#breadcrumb"},"inLanguage":"en-US","potentialAction":[{"@type":"ReadAction","target":["https:\/\/evolvinghome.biz\/contacto\/"]}]},{"@type":"BreadcrumbList","@id":"https:\/\/evolvinghome.biz\/contacto\/#breadcrumb","itemListElement":[{"@type":"ListItem","position":1,"name":"Portada","item":"https:\/\/evolvinghome.biz\/"},{"@type":"ListItem","position":2,"name":"Contact"}]},{"@type":"WebSite","@id":"https:\/\/evolvinghome.biz\/#website","url":"https:\/\/evolvinghome.biz\/","name":"Evolving Home","description":"Alternativas sostenibles para la eficiencia del hogar y el bienestar familiar.","publisher":{"@id":"https:\/\/evolvinghome.biz\/#organization"},"alternateName":"Evolving House","potentialAction":[{"@type":"SearchAction","target":{"@type":"EntryPoint","urlTemplate":"https:\/\/evolvinghome.biz\/?s={search_term_string}"},"query-input":"required name=search_term_string"}],"inLanguage":"en-US"},{"@type":"Organization","@id":"https:\/\/evolvinghome.biz\/#organization","name":"Evolving Home","alternateName":"Evolving House","url":"https:\/\/evolvinghome.biz\/","logo":{"@type":"ImageObject","inLanguage":"en-US","@id":"https:\/\/evolvinghome.biz\/#\/schema\/logo\/image\/","url":"https:\/\/evolvinghome.biz\/wp-content\/uploads\/2023\/05\/PNG-1.png","contentUrl":"https:\/\/evolvinghome.biz\/wp-content\/uploads\/2023\/05\/PNG-1.png","width":1184,"height":752,"caption":"Evolving Home"},"image":{"@id":"https:\/\/evolvinghome.biz\/#\/schema\/logo\/image\/"}}]}},"_links":{"self":[{"href":"https:\/\/evolvinghome.biz\/en\/wp-json\/wp\/v2\/pages\/152"}],"collection":[{"href":"https:\/\/evolvinghome.biz\/en\/wp-json\/wp\/v2\/pages"}],"about":[{"href":"https:\/\/evolvinghome.biz\/en\/wp-json\/wp\/v2\/types\/page"}],"author":[{"embeddable":true,"href":"https:\/\/evolvinghome.biz\/en\/wp-json\/wp\/v2\/users\/1"}],"replies":[{"embeddable":true,"href":"https:\/\/evolvinghome.biz\/en\/wp-json\/wp\/v2\/comments?post=152"}],"version-history":[{"count":80,"href":"https:\/\/evolvinghome.biz\/en\/wp-json\/wp\/v2\/pages\/152\/revisions"}],"predecessor-version":[{"id":3747,"href":"https:\/\/evolvinghome.biz\/en\/wp-json\/wp\/v2\/pages\/152\/revisions\/3747"}],"wp:attachment":[{"href":"https:\/\/evolvinghome.biz\/en\/wp-json\/wp\/v2\/media?parent=152"}],"curies":[{"name":"wp","href":"https:\/\/api.w.org\/{rel}","templated":true}]}}